{"id":961,"date":"2016-07-15T14:21:20","date_gmt":"2016-07-15T14:21:20","guid":{"rendered":"http:\/\/test.kriesi.at\/enfold-medical\/?page_id=961"},"modified":"2017-10-03T13:57:19","modified_gmt":"2017-10-03T13:57:19","slug":"departments","status":"publish","type":"page","link":"https:\/\/camisariabh.com.br\/novosite\/departments\/","title":{"rendered":"SERVI\u00c7OS"},"content":{"rendered":"<div id='av-layout-grid-1'  class='av-layout-grid-container av-av_layout_row-75e9ceea773422d3be03848f3a0fe8c7 entry-content-wrapper main_color av-flex-cells  avia-builder-el-0  el_before_av_layout_row  avia-builder-el-first   container_wrap sidebar_right'  >\n\n<style type=\"text\/css\" data-created_by=\"avia_inline_auto\" id=\"style-css-av-av_cell_one_half-0e31f22cfc8dd6e254dd4b43627ef8d2\">\n.flex_cell.av-av_cell_one_half-0e31f22cfc8dd6e254dd4b43627ef8d2{\nvertical-align:middle;\nheight:500px;\nmin-height:500px;\nbackground:url(https:\/\/camisariabh.com.br\/novosite\/wp-content\/uploads\/2016\/07\/SILK-629x423.png) 0% 0% no-repeat scroll ;\n}\n.responsive #top #wrap_all .flex_cell.av-av_cell_one_half-0e31f22cfc8dd6e254dd4b43627ef8d2{\npadding:0px 0px 0px 0px !important;\n}\n<\/style>\n<div class='flex_cell av-av_cell_one_half-0e31f22cfc8dd6e254dd4b43627ef8d2 av-gridrow-cell av_one_half no_margin  avia-builder-el-1  el_before_av_cell_one_half  avia-builder-el-first  av-zero-padding avia-full-stretch' ><div class='flex_cell_inner'><\/div><\/div>\n<style type=\"text\/css\" data-created_by=\"avia_inline_auto\" id=\"style-css-av-av_cell_one_half-cdb8a620495601b830f0e4d878d3e38c\">\n.flex_cell.av-av_cell_one_half-cdb8a620495601b830f0e4d878d3e38c{\nvertical-align:middle;\nheight:500px;\nmin-height:500px;\nbackground-color:#5b5b5d;\n}\n.responsive #top #wrap_all .flex_cell.av-av_cell_one_half-cdb8a620495601b830f0e4d878d3e38c{\npadding:80px 80px 80px 80px !important;\n}\n<\/style>\n<div class='flex_cell av-av_cell_one_half-cdb8a620495601b830f0e4d878d3e38c av-gridrow-cell av_one_half no_margin  avia-builder-el-2  el_after_av_cell_one_half  avia-builder-el-last ' ><div class='flex_cell_inner'><p>\n<style type=\"text\/css\" data-created_by=\"avia_inline_auto\" id=\"style-css-av-av_heading-1b76e048c6bef06191dd9959c894edf9\">\n#top .av-special-heading.av-av_heading-1b76e048c6bef06191dd9959c894edf9{\npadding-bottom:25px;\ncolor:#ffffff;\nfont-size:34px;\n}\nbody .av-special-heading.av-av_heading-1b76e048c6bef06191dd9959c894edf9 .av-special-heading-tag .heading-char{\nfont-size:25px;\n}\n#top #wrap_all .av-special-heading.av-av_heading-1b76e048c6bef06191dd9959c894edf9 .av-special-heading-tag{\nfont-size:34px;\n}\n.av-special-heading.av-av_heading-1b76e048c6bef06191dd9959c894edf9 .special-heading-inner-border{\nborder-color:#ffffff;\n}\n.av-special-heading.av-av_heading-1b76e048c6bef06191dd9959c894edf9 .av-subheading{\nfont-size:15px;\n}\n\n@media only screen and (min-width: 480px) and (max-width: 767px){ \n#top #wrap_all .av-special-heading.av-av_heading-1b76e048c6bef06191dd9959c894edf9 .av-special-heading-tag{\nfont-size:0.8em;\n}\n}\n\n@media only screen and (max-width: 479px){ \n#top #wrap_all .av-special-heading.av-av_heading-1b76e048c6bef06191dd9959c894edf9 .av-special-heading-tag{\nfont-size:0.8em;\n}\n}\n<\/style>\n<div  class='av-special-heading av-av_heading-1b76e048c6bef06191dd9959c894edf9 av-special-heading-h3 custom-color-heading blockquote modern-quote  avia-builder-el-3  el_before_av_textblock  avia-builder-el-first  av-inherit-size'><h3 class='av-special-heading-tag'  itemprop=\"headline\"  >Silk Screen<\/h3><div class=\"special-heading-border\"><div class=\"special-heading-inner-border\"><\/div><\/div><\/div><br \/>\n\n<style type=\"text\/css\" data-created_by=\"avia_inline_auto\" id=\"style-css-av-av_textblock-0b24277fcb3157fd54563c4417ea17f7\">\n#top .av_textblock_section.av-av_textblock-0b24277fcb3157fd54563c4417ea17f7 .avia_textblock{\ncolor:#ffffff;\n}\n<\/style>\n<section  class='av_textblock_section av-av_textblock-0b24277fcb3157fd54563c4417ea17f7 '   itemscope=\"itemscope\" itemtype=\"https:\/\/schema.org\/CreativeWork\" ><div class='avia_textblock av_inherit_color'  itemprop=\"text\" ><p>O Silk Screen \u00e9 um processo de impress\u00e3o no qual a tinta \u00e9 vazada atrav\u00e9s de uma tela vegetal, \u00e9 uma estampa feita utilizando-se tintas para tecido.<\/p>\n<\/div><\/section><\/p>\n<\/div><\/div>\n<\/div>\n<div id='av-layout-grid-2'  class='av-layout-grid-container av-av_layout_row-75e9ceea773422d3be03848f3a0fe8c7 entry-content-wrapper main_color av-flex-cells  avia-builder-el-5  el_after_av_layout_row  el_before_av_layout_row  grid-row-not-first  container_wrap sidebar_right'  >\n\n<style type=\"text\/css\" data-created_by=\"avia_inline_auto\" id=\"style-css-av-av_cell_one_half-09ccecfa81650fd0ea085954125f15bc\">\n.flex_cell.av-av_cell_one_half-09ccecfa81650fd0ea085954125f15bc{\nvertical-align:middle;\nheight:500px;\nmin-height:500px;\nbackground-color:#5b5b5d;\n}\n.responsive #top #wrap_all .flex_cell.av-av_cell_one_half-09ccecfa81650fd0ea085954125f15bc{\npadding:80px 80px 80px 80px !important;\n}\n<\/style>\n<div class='flex_cell av-av_cell_one_half-09ccecfa81650fd0ea085954125f15bc av-gridrow-cell av_one_half no_margin  avia-builder-el-6  el_before_av_cell_one_half  avia-builder-el-first  avia-full-stretch' ><div class='flex_cell_inner'><p>\n<style type=\"text\/css\" data-created_by=\"avia_inline_auto\" id=\"style-css-av-av_heading-b7879f1cfce5e0dc10dda0a8d86724eb\">\n#top .av-special-heading.av-av_heading-b7879f1cfce5e0dc10dda0a8d86724eb{\npadding-bottom:25px;\ncolor:#ffffff;\nfont-size:34px;\n}\nbody .av-special-heading.av-av_heading-b7879f1cfce5e0dc10dda0a8d86724eb .av-special-heading-tag .heading-char{\nfont-size:25px;\n}\n#top #wrap_all .av-special-heading.av-av_heading-b7879f1cfce5e0dc10dda0a8d86724eb .av-special-heading-tag{\nfont-size:34px;\n}\n.av-special-heading.av-av_heading-b7879f1cfce5e0dc10dda0a8d86724eb .special-heading-inner-border{\nborder-color:#ffffff;\n}\n.av-special-heading.av-av_heading-b7879f1cfce5e0dc10dda0a8d86724eb .av-subheading{\nfont-size:15px;\n}\n\n@media only screen and (min-width: 480px) and (max-width: 767px){ \n#top #wrap_all .av-special-heading.av-av_heading-b7879f1cfce5e0dc10dda0a8d86724eb .av-special-heading-tag{\nfont-size:0.8em;\n}\n}\n\n@media only screen and (max-width: 479px){ \n#top #wrap_all .av-special-heading.av-av_heading-b7879f1cfce5e0dc10dda0a8d86724eb .av-special-heading-tag{\nfont-size:0.8em;\n}\n}\n<\/style>\n<div  class='av-special-heading av-av_heading-b7879f1cfce5e0dc10dda0a8d86724eb av-special-heading-h3 custom-color-heading blockquote modern-quote  avia-builder-el-7  el_before_av_textblock  avia-builder-el-first  av-inherit-size'><h3 class='av-special-heading-tag'  itemprop=\"headline\"  >Bordado<\/h3><div class=\"special-heading-border\"><div class=\"special-heading-inner-border\"><\/div><\/div><\/div><br \/>\n\n<style type=\"text\/css\" data-created_by=\"avia_inline_auto\" id=\"style-css-av-av_textblock-0b24277fcb3157fd54563c4417ea17f7\">\n#top .av_textblock_section.av-av_textblock-0b24277fcb3157fd54563c4417ea17f7 .avia_textblock{\ncolor:#ffffff;\n}\n<\/style>\n<section  class='av_textblock_section av-av_textblock-0b24277fcb3157fd54563c4417ea17f7 '   itemscope=\"itemscope\" itemtype=\"https:\/\/schema.org\/CreativeWork\" ><div class='avia_textblock av_inherit_color'  itemprop=\"text\" ><p>O Bordado \u00e9 uma forma de passar a arte do computador para as camisas com linhas e agulhas, fazemos bordados computadorizados, garantindo qualidade, efici\u00eancia e rapidez na entrega.<\/p>\n<\/div><\/section><\/p>\n<\/div><\/div>\n<style type=\"text\/css\" data-created_by=\"avia_inline_auto\" id=\"style-css-av-av_cell_one_half-d8188d1a31ecfc6fd4d9ab5ccb2f1bd1\">\n.flex_cell.av-av_cell_one_half-d8188d1a31ecfc6fd4d9ab5ccb2f1bd1{\nvertical-align:middle;\nheight:500px;\nmin-height:500px;\nbackground:url(https:\/\/camisariabh.com.br\/novosite\/wp-content\/uploads\/2016\/07\/BORDADO-300x210.png) 100% 50% no-repeat scroll #5b5b5d;\n}\n.responsive #top #wrap_all .flex_cell.av-av_cell_one_half-d8188d1a31ecfc6fd4d9ab5ccb2f1bd1{\npadding:80px 80px 80px 80px !important;\n}\n<\/style>\n<div class='flex_cell av-av_cell_one_half-d8188d1a31ecfc6fd4d9ab5ccb2f1bd1 av-gridrow-cell av_one_half no_margin  avia-builder-el-9  el_after_av_cell_one_half  avia-builder-el-last  avia-full-stretch' ><div class='flex_cell_inner'><\/div><\/div>\n<\/div>\n<div id='av-layout-grid-3'  class='av-layout-grid-container av-av_layout_row-75e9ceea773422d3be03848f3a0fe8c7 entry-content-wrapper main_color av-flex-cells  avia-builder-el-10  el_after_av_layout_row  el_before_av_layout_row  grid-row-not-first  container_wrap sidebar_right'  >\n\n<style type=\"text\/css\" data-created_by=\"avia_inline_auto\" id=\"style-css-av-av_cell_one_half-4bf3b28246deae5e39391b6cbbc989c6\">\n.flex_cell.av-av_cell_one_half-4bf3b28246deae5e39391b6cbbc989c6{\nvertical-align:middle;\nheight:500px;\nmin-height:500px;\nbackground:url(https:\/\/camisariabh.com.br\/novosite\/wp-content\/uploads\/2016\/07\/recorte-300x210.png) 0% 0% no-repeat scroll #22689e;\n}\n.responsive #top #wrap_all .flex_cell.av-av_cell_one_half-4bf3b28246deae5e39391b6cbbc989c6{\npadding:0px 0px 0px 0px !important;\n}\n<\/style>\n<div class='flex_cell av-av_cell_one_half-4bf3b28246deae5e39391b6cbbc989c6 av-gridrow-cell av_one_half no_margin  avia-builder-el-11  el_before_av_cell_one_half  avia-builder-el-first  av-zero-padding avia-full-stretch' ><div class='flex_cell_inner'><\/div><\/div>\n<style type=\"text\/css\" data-created_by=\"avia_inline_auto\" id=\"style-css-av-av_cell_one_half-cdb8a620495601b830f0e4d878d3e38c\">\n.flex_cell.av-av_cell_one_half-cdb8a620495601b830f0e4d878d3e38c{\nvertical-align:middle;\nheight:500px;\nmin-height:500px;\nbackground-color:#5b5b5d;\n}\n.responsive #top #wrap_all .flex_cell.av-av_cell_one_half-cdb8a620495601b830f0e4d878d3e38c{\npadding:80px 80px 80px 80px !important;\n}\n<\/style>\n<div class='flex_cell av-av_cell_one_half-cdb8a620495601b830f0e4d878d3e38c av-gridrow-cell av_one_half no_margin  avia-builder-el-12  el_after_av_cell_one_half  avia-builder-el-last ' ><div class='flex_cell_inner'><p>\n<style type=\"text\/css\" data-created_by=\"avia_inline_auto\" id=\"style-css-av-av_heading-8b953cad4d78e9c37c54ec52b4a2e158\">\n#top .av-special-heading.av-av_heading-8b953cad4d78e9c37c54ec52b4a2e158{\npadding-bottom:25px;\ncolor:#ffffff;\nfont-size:34px;\n}\nbody .av-special-heading.av-av_heading-8b953cad4d78e9c37c54ec52b4a2e158 .av-special-heading-tag .heading-char{\nfont-size:25px;\n}\n#top #wrap_all .av-special-heading.av-av_heading-8b953cad4d78e9c37c54ec52b4a2e158 .av-special-heading-tag{\nfont-size:34px;\n}\n.av-special-heading.av-av_heading-8b953cad4d78e9c37c54ec52b4a2e158 .special-heading-inner-border{\nborder-color:#ffffff;\n}\n.av-special-heading.av-av_heading-8b953cad4d78e9c37c54ec52b4a2e158 .av-subheading{\nfont-size:15px;\n}\n\n@media only screen and (min-width: 480px) and (max-width: 767px){ \n#top #wrap_all .av-special-heading.av-av_heading-8b953cad4d78e9c37c54ec52b4a2e158 .av-special-heading-tag{\nfont-size:0.8em;\n}\n}\n\n@media only screen and (max-width: 479px){ \n#top #wrap_all .av-special-heading.av-av_heading-8b953cad4d78e9c37c54ec52b4a2e158 .av-special-heading-tag{\nfont-size:0.8em;\n}\n}\n<\/style>\n<div  class='av-special-heading av-av_heading-8b953cad4d78e9c37c54ec52b4a2e158 av-special-heading-h3 custom-color-heading blockquote modern-quote  avia-builder-el-13  el_before_av_textblock  avia-builder-el-first  av-inherit-size'><h3 class='av-special-heading-tag'  itemprop=\"headline\"  >Transfer de recorte<\/h3><div class=\"special-heading-border\"><div class=\"special-heading-inner-border\"><\/div><\/div><\/div><br \/>\n\n<style type=\"text\/css\" data-created_by=\"avia_inline_auto\" id=\"style-css-av-av_textblock-0b24277fcb3157fd54563c4417ea17f7\">\n#top .av_textblock_section.av-av_textblock-0b24277fcb3157fd54563c4417ea17f7 .avia_textblock{\ncolor:#ffffff;\n}\n<\/style>\n<section  class='av_textblock_section av-av_textblock-0b24277fcb3157fd54563c4417ea17f7 '   itemscope=\"itemscope\" itemtype=\"https:\/\/schema.org\/CreativeWork\" ><div class='avia_textblock av_inherit_color'  itemprop=\"text\" ><p>\u00c9 uma pel\u00edcula de resina que \u00e9 recortada pela maquina da silhoutte, depois de passar por depila\u00e7\u00e3o, a arte \u00e9 aplicada na camisa sob press\u00e3o e calor.<\/p>\n<\/div><\/section><\/p>\n<\/div><\/div>\n<\/div>\n<div id='av-layout-grid-4'  class='av-layout-grid-container av-av_layout_row-75e9ceea773422d3be03848f3a0fe8c7 entry-content-wrapper main_color av-flex-cells  avia-builder-el-15  el_after_av_layout_row  avia-builder-el-last  grid-row-not-first  container_wrap sidebar_right'  >\n\n<style type=\"text\/css\" data-created_by=\"avia_inline_auto\" id=\"style-css-av-av_cell_one_half-09ccecfa81650fd0ea085954125f15bc\">\n.flex_cell.av-av_cell_one_half-09ccecfa81650fd0ea085954125f15bc{\nvertical-align:middle;\nheight:500px;\nmin-height:500px;\nbackground-color:#5b5b5d;\n}\n.responsive #top #wrap_all .flex_cell.av-av_cell_one_half-09ccecfa81650fd0ea085954125f15bc{\npadding:80px 80px 80px 80px !important;\n}\n<\/style>\n<div class='flex_cell av-av_cell_one_half-09ccecfa81650fd0ea085954125f15bc av-gridrow-cell av_one_half no_margin  avia-builder-el-16  el_before_av_cell_one_half  avia-builder-el-first  avia-full-stretch' ><div class='flex_cell_inner'><p>\n<style type=\"text\/css\" data-created_by=\"avia_inline_auto\" id=\"style-css-av-av_heading-36b16a8db05a588f20a7d97eb6ab7513\">\n#top .av-special-heading.av-av_heading-36b16a8db05a588f20a7d97eb6ab7513{\npadding-bottom:25px;\ncolor:#ffffff;\nfont-size:34px;\n}\nbody .av-special-heading.av-av_heading-36b16a8db05a588f20a7d97eb6ab7513 .av-special-heading-tag .heading-char{\nfont-size:25px;\n}\n#top #wrap_all .av-special-heading.av-av_heading-36b16a8db05a588f20a7d97eb6ab7513 .av-special-heading-tag{\nfont-size:34px;\n}\n.av-special-heading.av-av_heading-36b16a8db05a588f20a7d97eb6ab7513 .special-heading-inner-border{\nborder-color:#ffffff;\n}\n.av-special-heading.av-av_heading-36b16a8db05a588f20a7d97eb6ab7513 .av-subheading{\nfont-size:15px;\n}\n\n@media only screen and (min-width: 480px) and (max-width: 767px){ \n#top #wrap_all .av-special-heading.av-av_heading-36b16a8db05a588f20a7d97eb6ab7513 .av-special-heading-tag{\nfont-size:0.8em;\n}\n}\n\n@media only screen and (max-width: 479px){ \n#top #wrap_all .av-special-heading.av-av_heading-36b16a8db05a588f20a7d97eb6ab7513 .av-special-heading-tag{\nfont-size:0.8em;\n}\n}\n<\/style>\n<div  class='av-special-heading av-av_heading-36b16a8db05a588f20a7d97eb6ab7513 av-special-heading-h3 custom-color-heading blockquote modern-quote  avia-builder-el-17  el_before_av_textblock  avia-builder-el-first  av-inherit-size'><h3 class='av-special-heading-tag'  itemprop=\"headline\"  >Sublima\u00e7\u00e3o total ou parcial<\/h3><div class=\"special-heading-border\"><div class=\"special-heading-inner-border\"><\/div><\/div><\/div><br \/>\n\n<style type=\"text\/css\" data-created_by=\"avia_inline_auto\" id=\"style-css-av-av_textblock-0b24277fcb3157fd54563c4417ea17f7\">\n#top .av_textblock_section.av-av_textblock-0b24277fcb3157fd54563c4417ea17f7 .avia_textblock{\ncolor:#ffffff;\n}\n<\/style>\n<section  class='av_textblock_section av-av_textblock-0b24277fcb3157fd54563c4417ea17f7 '   itemscope=\"itemscope\" itemtype=\"https:\/\/schema.org\/CreativeWork\" ><div class='avia_textblock av_inherit_color'  itemprop=\"text\" ><p>A sublima\u00e7\u00e3o \u00e9 o processo de passagem da estampa impressa no papel para a camisa, o processo \u00e9 realizado atrav\u00e9s de calor sob press\u00e3o produzido pela prensa industrial.<\/p>\n<\/div><\/section><\/p>\n<\/div><\/div>\n<style type=\"text\/css\" data-created_by=\"avia_inline_auto\" id=\"style-css-av-av_cell_one_half-0ffd749141943cb8cc6628b9e9f7816b\">\n.flex_cell.av-av_cell_one_half-0ffd749141943cb8cc6628b9e9f7816b{\nvertical-align:middle;\nheight:500px;\nmin-height:500px;\nbackground:url(https:\/\/camisariabh.com.br\/novosite\/wp-content\/uploads\/2016\/07\/total-300x210.png) 100% 50% no-repeat scroll #22689e;\n}\n.responsive #top #wrap_all .flex_cell.av-av_cell_one_half-0ffd749141943cb8cc6628b9e9f7816b{\npadding:80px 80px 80px 80px !important;\n}\n<\/style>\n<div class='flex_cell av-av_cell_one_half-0ffd749141943cb8cc6628b9e9f7816b av-gridrow-cell av_one_half no_margin  avia-builder-el-19  el_after_av_cell_one_half  avia-builder-el-last  avia-full-stretch' ><div class='flex_cell_inner'><\/div><\/div><\/div>\n","protected":false},"excerpt":{"rendered":"","protected":false},"author":1,"featured_media":0,"parent":0,"menu_order":0,"comment_status":"closed","ping_status":"closed","template":"","meta":[],"_links":{"self":[{"href":"https:\/\/camisariabh.com.br\/novosite\/wp-json\/wp\/v2\/pages\/961"}],"collection":[{"href":"https:\/\/camisariabh.com.br\/novosite\/wp-json\/wp\/v2\/pages"}],"about":[{"href":"https:\/\/camisariabh.com.br\/novosite\/wp-json\/wp\/v2\/types\/page"}],"author":[{"embeddable":true,"href":"https:\/\/camisariabh.com.br\/novosite\/wp-json\/wp\/v2\/users\/1"}],"replies":[{"embeddable":true,"href":"https:\/\/camisariabh.com.br\/novosite\/wp-json\/wp\/v2\/comments?post=961"}],"version-history":[{"count":11,"href":"https:\/\/camisariabh.com.br\/novosite\/wp-json\/wp\/v2\/pages\/961\/revisions"}],"predecessor-version":[{"id":1557,"href":"https:\/\/camisariabh.com.br\/novosite\/wp-json\/wp\/v2\/pages\/961\/revisions\/1557"}],"wp:attachment":[{"href":"https:\/\/camisariabh.com.br\/novosite\/wp-json\/wp\/v2\/media?parent=961"}],"curies":[{"name":"wp","href":"https:\/\/api.w.org\/{rel}","templated":true}]}}