{"id":950,"date":"2016-07-15T14:19:20","date_gmt":"2016-07-15T14:19:20","guid":{"rendered":"http:\/\/test.kriesi.at\/enfold-medical\/?page_id=950"},"modified":"2020-10-02T19:03:22","modified_gmt":"2020-10-02T19:03:22","slug":"about","status":"publish","type":"page","link":"https:\/\/camisariabh.com.br\/novosite\/our-clinic\/about\/","title":{"rendered":"Empresa"},"content":{"rendered":"<div id='av-layout-grid-1'  class='av-layout-grid-container av-av_layout_row-75e9ceea773422d3be03848f3a0fe8c7 entry-content-wrapper main_color av-flex-cells  avia-builder-el-0  el_before_av_layout_row  avia-builder-el-first   container_wrap sidebar_right'  >\n\n<style type=\"text\/css\" data-created_by=\"avia_inline_auto\" id=\"style-css-av-av_cell_one_half-5ff487196645beac96ec40cafa1761c6\">\n.flex_cell.av-av_cell_one_half-5ff487196645beac96ec40cafa1761c6{\nvertical-align:middle;\nheight:500px;\nmin-height:500px;\nbackground-color:#5b5b5d;\n}\n.responsive #top #wrap_all .flex_cell.av-av_cell_one_half-5ff487196645beac96ec40cafa1761c6{\npadding:80px 80px 80px 80px !important;\n}\n<\/style>\n<div class='flex_cell av-av_cell_one_half-5ff487196645beac96ec40cafa1761c6 av-gridrow-cell av_one_half no_margin  avia-builder-el-1  el_before_av_cell_one_half  avia-builder-el-first  avia-full-stretch' ><div class='flex_cell_inner'><p>\n<style type=\"text\/css\" data-created_by=\"avia_inline_auto\" id=\"style-css-av-av_heading-11e84999bd9fdae5ff3cab04683afb75\">\n#top .av-special-heading.av-av_heading-11e84999bd9fdae5ff3cab04683afb75{\npadding-bottom:25px;\ncolor:#ffffff;\nfont-size:34px;\n}\nbody .av-special-heading.av-av_heading-11e84999bd9fdae5ff3cab04683afb75 .av-special-heading-tag .heading-char{\nfont-size:25px;\n}\n#top #wrap_all .av-special-heading.av-av_heading-11e84999bd9fdae5ff3cab04683afb75 .av-special-heading-tag{\nfont-size:34px;\n}\n.av-special-heading.av-av_heading-11e84999bd9fdae5ff3cab04683afb75 .special-heading-inner-border{\nborder-color:#ffffff;\n}\n.av-special-heading.av-av_heading-11e84999bd9fdae5ff3cab04683afb75 .av-subheading{\nfont-size:15px;\n}\n\n@media only screen and (min-width: 480px) and (max-width: 767px){ \n#top #wrap_all .av-special-heading.av-av_heading-11e84999bd9fdae5ff3cab04683afb75 .av-special-heading-tag{\nfont-size:0.8em;\n}\n}\n\n@media only screen and (max-width: 479px){ \n#top #wrap_all .av-special-heading.av-av_heading-11e84999bd9fdae5ff3cab04683afb75 .av-special-heading-tag{\nfont-size:0.8em;\n}\n}\n<\/style>\n<div  class='av-special-heading av-av_heading-11e84999bd9fdae5ff3cab04683afb75 av-special-heading-h3 custom-color-heading blockquote modern-quote  avia-builder-el-2  el_before_av_textblock  avia-builder-el-first  av-inherit-size'><h3 class='av-special-heading-tag'  itemprop=\"headline\"  >Empresa<\/h3><div class=\"special-heading-border\"><div class=\"special-heading-inner-border\"><\/div><\/div><\/div><br \/>\n\n<style type=\"text\/css\" data-created_by=\"avia_inline_auto\" id=\"style-css-av-av_textblock-0b24277fcb3157fd54563c4417ea17f7\">\n#top .av_textblock_section.av-av_textblock-0b24277fcb3157fd54563c4417ea17f7 .avia_textblock{\ncolor:#ffffff;\n}\n<\/style>\n<section  class='av_textblock_section av-av_textblock-0b24277fcb3157fd54563c4417ea17f7 '   itemscope=\"itemscope\" itemtype=\"https:\/\/schema.org\/CreativeWork\" ><div class='avia_textblock av_inherit_color'  itemprop=\"text\" ><p>A Camisaria Belo Horizonte \u00e9 uma empresa moderna, despojada e com efetividade fabr\u00edca&nbsp; sua camisas com alto padr\u00e3o controle de qualidade, tem a miss\u00e3o de atender com pre\u00e7os diferenciados para vendas no Atacado e no Varejo.<\/p>\n<p>Pontualidade, Qualidade e Pre\u00e7o s\u00e3o pe\u00e7as chaves para o sucesso da sua empresa e da Camisaria Belo Horizonte.<\/p>\n<\/div><\/section><\/p>\n<\/div><\/div>\n<style type=\"text\/css\" data-created_by=\"avia_inline_auto\" id=\"style-css-av-av_cell_one_half-bccb390b2b5f8f6d37fe665a4022c66d\">\n.flex_cell.av-av_cell_one_half-bccb390b2b5f8f6d37fe665a4022c66d{\nvertical-align:middle;\nheight:500px;\nmin-height:500px;\nbackground:url(https:\/\/camisariabh.com.br\/novosite\/wp-content\/uploads\/2016\/07\/8c41ff5e-8cc0-4812-85e6-a2dd09880bc8-495x400.jpg) 50% 50% no-repeat scroll #5b5b5d;\n}\n.responsive #top #wrap_all .flex_cell.av-av_cell_one_half-bccb390b2b5f8f6d37fe665a4022c66d{\npadding:80px 80px 80px 80px !important;\n}\n<\/style>\n<div class='flex_cell av-av_cell_one_half-bccb390b2b5f8f6d37fe665a4022c66d av-gridrow-cell av_one_half no_margin  avia-builder-el-4  el_after_av_cell_one_half  avia-builder-el-last  avia-full-stretch' ><div class='flex_cell_inner'><\/div><\/div>\n<\/div>\n<div id='av-layout-grid-2'  class='av-layout-grid-container av-av_layout_row-42fd8630215aff1cfd8b45bb424676b3 entry-content-wrapper main_color av-flex-cells  avia-builder-el-5  el_after_av_layout_row  avia-builder-el-last  grid-row-not-first  container_wrap sidebar_right'  >\n\n<style type=\"text\/css\" data-created_by=\"avia_inline_auto\" id=\"style-css-av-av_cell_one_half-7f3cee4e85401ef93c982ec5392c78ed\">\n.flex_cell.av-av_cell_one_half-7f3cee4e85401ef93c982ec5392c78ed{\nvertical-align:top;\nbackground:url(https:\/\/camisariabh.com.br\/novosite\/wp-content\/uploads\/2016\/07\/projects-3.jpg) 0% 0% no-repeat scroll ;\n}\n.responsive #top #wrap_all .flex_cell.av-av_cell_one_half-7f3cee4e85401ef93c982ec5392c78ed{\npadding:30px 30px 30px 30px !important;\n}\n<\/style>\n<div class='flex_cell av-av_cell_one_half-7f3cee4e85401ef93c982ec5392c78ed av-gridrow-cell av_one_half no_margin  avia-builder-el-6  el_before_av_cell_one_half  avia-builder-el-first ' ><div class='flex_cell_inner'><\/div><\/div>\n<style type=\"text\/css\" data-created_by=\"avia_inline_auto\" id=\"style-css-av-av_cell_one_half-5d027ea3d6752f76e3eddbfcf8723312\">\n.flex_cell.av-av_cell_one_half-5d027ea3d6752f76e3eddbfcf8723312{\nvertical-align:top;\nbackground-color:#5b5b5d;\n}\n.responsive #top #wrap_all .flex_cell.av-av_cell_one_half-5d027ea3d6752f76e3eddbfcf8723312{\npadding:30px 30px 30px 30px !important;\n}\n<\/style>\n<div class='flex_cell av-av_cell_one_half-5d027ea3d6752f76e3eddbfcf8723312 av-gridrow-cell av_one_half no_margin  avia-builder-el-7  el_after_av_cell_one_half  avia-builder-el-last ' ><div class='flex_cell_inner'><p>\n<style type=\"text\/css\" data-created_by=\"avia_inline_auto\" id=\"style-css-av-av_textblock-0b24277fcb3157fd54563c4417ea17f7\">\n#top .av_textblock_section.av-av_textblock-0b24277fcb3157fd54563c4417ea17f7 .avia_textblock{\ncolor:#ffffff;\n}\n<\/style>\n<section  class='av_textblock_section av-av_textblock-0b24277fcb3157fd54563c4417ea17f7 '   itemscope=\"itemscope\" itemtype=\"https:\/\/schema.org\/CreativeWork\" ><div class='avia_textblock av_inherit_color'  itemprop=\"text\" ><p>A Camisaria Belo Horizonte fabrica camisas para uniforme de empresas e escolares, camisas promocionais para eventos empresariais, festas, confraterniza\u00e7\u00f5es, eventos religiosos, com produtos de excelente qualidade a um pre\u00e7o competitivo.<\/p>\n<\/div><\/section><br \/>\n\n<style type=\"text\/css\" data-created_by=\"avia_inline_auto\" id=\"style-css-av-av_textblock-0b24277fcb3157fd54563c4417ea17f7\">\n#top .av_textblock_section.av-av_textblock-0b24277fcb3157fd54563c4417ea17f7 .avia_textblock{\ncolor:#ffffff;\n}\n<\/style>\n<section  class='av_textblock_section av-av_textblock-0b24277fcb3157fd54563c4417ea17f7 '   itemscope=\"itemscope\" itemtype=\"https:\/\/schema.org\/CreativeWork\" ><div class='avia_textblock av_inherit_color'  itemprop=\"text\" ><p>A Camisaria BH tem em seu portf\u00f3lio os tipos mais variados de<br \/>\nuniformes e roupas usadas em empresas, escolas e eventos \u2013<br \/>\nCamisas de Malha, Camisas Sociais, Camisas gola polo, Moletons,<br \/>\nAgasalho, Abad\u00e1s, Camisas de futebol, Corrida, Universit\u00e1rios e<br \/>\noutras<\/p>\n<\/div><\/section><\/p>\n<\/div><\/div><\/div>\n","protected":false},"excerpt":{"rendered":"","protected":false},"author":1,"featured_media":0,"parent":957,"menu_order":0,"comment_status":"closed","ping_status":"closed","template":"","meta":[],"_links":{"self":[{"href":"https:\/\/camisariabh.com.br\/novosite\/wp-json\/wp\/v2\/pages\/950"}],"collection":[{"href":"https:\/\/camisariabh.com.br\/novosite\/wp-json\/wp\/v2\/pages"}],"about":[{"href":"https:\/\/camisariabh.com.br\/novosite\/wp-json\/wp\/v2\/types\/page"}],"author":[{"embeddable":true,"href":"https:\/\/camisariabh.com.br\/novosite\/wp-json\/wp\/v2\/users\/1"}],"replies":[{"embeddable":true,"href":"https:\/\/camisariabh.com.br\/novosite\/wp-json\/wp\/v2\/comments?post=950"}],"version-history":[{"count":19,"href":"https:\/\/camisariabh.com.br\/novosite\/wp-json\/wp\/v2\/pages\/950\/revisions"}],"predecessor-version":[{"id":1721,"href":"https:\/\/camisariabh.com.br\/novosite\/wp-json\/wp\/v2\/pages\/950\/revisions\/1721"}],"up":[{"embeddable":true,"href":"https:\/\/camisariabh.com.br\/novosite\/wp-json\/wp\/v2\/pages\/957"}],"wp:attachment":[{"href":"https:\/\/camisariabh.com.br\/novosite\/wp-json\/wp\/v2\/media?parent=950"}],"curies":[{"name":"wp","href":"https:\/\/api.w.org\/{rel}","templated":true}]}}