{"id":1206,"date":"2017-09-14T03:41:34","date_gmt":"2017-09-14T03:41:34","guid":{"rendered":"https:\/\/camisariabh.com.br\/novosite\/?page_id=1206"},"modified":"2017-10-03T06:05:04","modified_gmt":"2017-10-03T06:05:04","slug":"camisas-de-inverno-2","status":"publish","type":"page","link":"https:\/\/camisariabh.com.br\/novosite\/camisas-de-inverno-2\/","title":{"rendered":"Camisas De Inverno"},"content":{"rendered":"<div id='av-layout-grid-1'  class='av-layout-grid-container av-av_layout_row-42fd8630215aff1cfd8b45bb424676b3 entry-content-wrapper main_color av-flex-cells  avia-builder-el-0  avia-builder-el-no-sibling   container_wrap sidebar_right'  >\n\n<style type=\"text\/css\" data-created_by=\"avia_inline_auto\" id=\"style-css-av-av_cell_one_half-a0bf32d030dd705f566f2e24ad0174df\">\n.flex_cell.av-av_cell_one_half-a0bf32d030dd705f566f2e24ad0174df{\nvertical-align:top;\nbackground-color:#cccccc;\n}\n.responsive #top #wrap_all .flex_cell.av-av_cell_one_half-a0bf32d030dd705f566f2e24ad0174df{\npadding:30px 30px 30px 30px !important;\n}\n<\/style>\n<div class='flex_cell av-av_cell_one_half-a0bf32d030dd705f566f2e24ad0174df av-gridrow-cell av_one_half no_margin  avia-builder-el-1  el_before_av_cell_one_half  avia-builder-el-first ' ><div class='flex_cell_inner'>\n<style type=\"text\/css\" data-created_by=\"avia_inline_auto\" id=\"style-css-av-av_image-5bafe33384092ad145b5d1e93c62685a\">\n.avia-image-container.av-av_image-5bafe33384092ad145b5d1e93c62685a img.avia_image{\nbox-shadow:none;\n}\n.avia-image-container.av-av_image-5bafe33384092ad145b5d1e93c62685a .av-image-caption-overlay-center{\ncolor:#ffffff;\n}\n<\/style>\n<div  class='avia-image-container av-av_image-5bafe33384092ad145b5d1e93c62685a av-styling- avia-align-center  avia-builder-el-2  avia-builder-el-no-sibling '   itemprop=\"image\" itemscope=\"itemscope\" itemtype=\"https:\/\/schema.org\/ImageObject\" ><div class=\"avia-image-container-inner\"><div class=\"avia-image-overlay-wrap\"><img class='wp-image-1332 avia-img-lazy-loading-not-1332 avia_image ' src='https:\/\/camisariabh.com.br\/novosite\/wp-content\/uploads\/2017\/09\/frio-1.png' alt='' title='frio'  height=\"400\" width=\"495\"  itemprop=\"thumbnailUrl\"  \/><\/div><\/div><\/div>\n<\/div><\/div>\n<style type=\"text\/css\" data-created_by=\"avia_inline_auto\" id=\"style-css-av-av_cell_one_half-f57c70f9f5a63fd800eb5b955b847c2a\">\n.flex_cell.av-av_cell_one_half-f57c70f9f5a63fd800eb5b955b847c2a{\nvertical-align:top;\n}\n.responsive #top #wrap_all .flex_cell.av-av_cell_one_half-f57c70f9f5a63fd800eb5b955b847c2a{\npadding:30px 30px 30px 30px !important;\n}\n<\/style>\n<div class='flex_cell av-av_cell_one_half-f57c70f9f5a63fd800eb5b955b847c2a av-gridrow-cell av_one_half no_margin  avia-builder-el-3  el_after_av_cell_one_half  avia-builder-el-last ' ><div class='flex_cell_inner'><section  class='av_textblock_section av-av_textblock-396ddf1f42196ca838231e61a4602801 '   itemscope=\"itemscope\" itemtype=\"https:\/\/schema.org\/CreativeWork\" ><div class='avia_textblock'  itemprop=\"text\" ><h2><span style=\"font-weight: 400;\">Camisas de Inverno<\/span><\/h2>\n<\/div><\/section><br \/>\n<section  class='av_textblock_section av-av_textblock-396ddf1f42196ca838231e61a4602801 '   itemscope=\"itemscope\" itemtype=\"https:\/\/schema.org\/CreativeWork\" ><div class='avia_textblock'  itemprop=\"text\" ><p><span style=\"font-weight: 400;\">Moletons aberto e fechado, com e sem capuz, com e sem bolsos na frente e laterais, s\u00e3o fabricados com a malha Elanca Flanelada, malha confort\u00e1vel e quente pr\u00f3pria para os dias mais frios.<\/span><\/p>\n<p><span style=\"font-weight: 400;\">Camisas de malha de manga longa em v\u00e1rias malhas como PV, poli\u00e9ster, dryfit, 100% algod\u00e3o e etc.<\/span><\/p>\n<p><span style=\"font-weight: 400;\">Jaquetas com z\u00edper de malha de Tactel importada e nacionais.<\/span><\/p>\n<\/div><\/section><br \/>\n<div  class='avia-button-wrap av-av_button-f076e0ce67c32c8fcc4588f6a3c82249-wrap avia-button-center  avia-builder-el-6  el_after_av_textblock  el_before_av_notification '><a href='https:\/\/camisariabh.com.br\/novosite\/orcamentos\/'  class='avia-button av-av_button-f076e0ce67c32c8fcc4588f6a3c82249 avia-icon_select-yes-left-icon avia-size-small avia-position-center avia-color-black'  ><span class='avia_button_icon avia_button_icon_left' aria-hidden='true' data-av_icon='\ue812' data-av_iconfont='entypo-fontello'><\/span><span class='avia_iconbox_title' >Solicitar or\u00e7amento<\/span><\/a><\/div><br \/>\n<div id='avia-messagebox-' class='avia_message_box av_notification av-av_notification-ee992161b509194ebb4990226bd5e876 avia-color-silver avia-size-large avia-icon_select-no avia-border-  avia-builder-el-7  el_after_av_button  el_before_av_textblock ' ><div class=\"avia_message_box_content\"><\/div><\/div><br \/>\n<section  class='av_textblock_section av-av_textblock-396ddf1f42196ca838231e61a4602801 '   itemscope=\"itemscope\" itemtype=\"https:\/\/schema.org\/CreativeWork\" ><div class='avia_textblock'  itemprop=\"text\" ><h6 style=\"text-align: center;\"><strong>Confira fotos dos nossos \u00faltimos trabalhos.\u00a0<a href=\"https:\/\/camisariabh.com.br\/novosite\/fotos-das-camisas\/\">clique Aqui<\/a><\/strong><\/h6>\n<\/div><\/section><\/p>\n<\/div><\/div><\/div>\n","protected":false},"excerpt":{"rendered":"","protected":false},"author":1,"featured_media":0,"parent":0,"menu_order":0,"comment_status":"closed","ping_status":"closed","template":"","meta":[],"_links":{"self":[{"href":"https:\/\/camisariabh.com.br\/novosite\/wp-json\/wp\/v2\/pages\/1206"}],"collection":[{"href":"https:\/\/camisariabh.com.br\/novosite\/wp-json\/wp\/v2\/pages"}],"about":[{"href":"https:\/\/camisariabh.com.br\/novosite\/wp-json\/wp\/v2\/types\/page"}],"author":[{"embeddable":true,"href":"https:\/\/camisariabh.com.br\/novosite\/wp-json\/wp\/v2\/users\/1"}],"replies":[{"embeddable":true,"href":"https:\/\/camisariabh.com.br\/novosite\/wp-json\/wp\/v2\/comments?post=1206"}],"version-history":[{"count":11,"href":"https:\/\/camisariabh.com.br\/novosite\/wp-json\/wp\/v2\/pages\/1206\/revisions"}],"predecessor-version":[{"id":1538,"href":"https:\/\/camisariabh.com.br\/novosite\/wp-json\/wp\/v2\/pages\/1206\/revisions\/1538"}],"wp:attachment":[{"href":"https:\/\/camisariabh.com.br\/novosite\/wp-json\/wp\/v2\/media?parent=1206"}],"curies":[{"name":"wp","href":"https:\/\/api.w.org\/{rel}","templated":true}]}}