{"id":1200,"date":"2017-09-14T03:40:01","date_gmt":"2017-09-14T03:40:01","guid":{"rendered":"https:\/\/camisariabh.com.br\/novosite\/?page_id=1200"},"modified":"2017-10-03T11:11:18","modified_gmt":"2017-10-03T11:11:18","slug":"camisas-para-uniforme-escolar","status":"publish","type":"page","link":"https:\/\/camisariabh.com.br\/novosite\/camisas-para-uniforme-escolar\/","title":{"rendered":"Camisas para Uniforme Escolar"},"content":{"rendered":"<div id='av-layout-grid-1'  class='av-layout-grid-container av-av_layout_row-42fd8630215aff1cfd8b45bb424676b3 entry-content-wrapper main_color av-flex-cells  avia-builder-el-0  avia-builder-el-no-sibling   container_wrap sidebar_right'  >\n\n<style type=\"text\/css\" data-created_by=\"avia_inline_auto\" id=\"style-css-av-av_cell_one_half-f1993adc9d1c7e6fc93fa8bbf8d08ecd\">\n.flex_cell.av-av_cell_one_half-f1993adc9d1c7e6fc93fa8bbf8d08ecd{\nvertical-align:middle;\nbackground-color:#cccccc;\n}\n.responsive #top #wrap_all .flex_cell.av-av_cell_one_half-f1993adc9d1c7e6fc93fa8bbf8d08ecd{\npadding:30px 30px 30px 30px !important;\n}\n<\/style>\n<div class='flex_cell av-av_cell_one_half-f1993adc9d1c7e6fc93fa8bbf8d08ecd av-gridrow-cell av_one_half no_margin  avia-builder-el-1  el_before_av_cell_one_half  avia-builder-el-first ' ><div class='flex_cell_inner'>\n<style type=\"text\/css\" data-created_by=\"avia_inline_auto\" id=\"style-css-av-av_image-f7889efab750c39e526c1a34e47fe668\">\n.avia-image-container.av-av_image-f7889efab750c39e526c1a34e47fe668 img.avia_image{\nbox-shadow:none;\n}\n.avia-image-container.av-av_image-f7889efab750c39e526c1a34e47fe668 .av-image-caption-overlay-center{\ncolor:#ffffff;\n}\n<\/style>\n<div  class='avia-image-container av-av_image-f7889efab750c39e526c1a34e47fe668 av-styling- avia-align-center  avia-builder-el-2  avia-builder-el-no-sibling '   itemprop=\"image\" itemscope=\"itemscope\" itemtype=\"https:\/\/schema.org\/ImageObject\" ><div class=\"avia-image-container-inner\"><div class=\"avia-image-overlay-wrap\"><img class='wp-image-1521 avia-img-lazy-loading-not-1521 avia_image ' src='https:\/\/camisariabh.com.br\/novosite\/wp-content\/uploads\/2017\/09\/uniformes-escolas.png' alt='' title='uniformes escolas'  height=\"453\" width=\"621\"  itemprop=\"thumbnailUrl\"  \/><\/div><\/div><\/div>\n<\/div><\/div>\n<style type=\"text\/css\" data-created_by=\"avia_inline_auto\" id=\"style-css-av-av_cell_one_half-f57c70f9f5a63fd800eb5b955b847c2a\">\n.flex_cell.av-av_cell_one_half-f57c70f9f5a63fd800eb5b955b847c2a{\nvertical-align:top;\n}\n.responsive #top #wrap_all .flex_cell.av-av_cell_one_half-f57c70f9f5a63fd800eb5b955b847c2a{\npadding:30px 30px 30px 30px !important;\n}\n<\/style>\n<div class='flex_cell av-av_cell_one_half-f57c70f9f5a63fd800eb5b955b847c2a av-gridrow-cell av_one_half no_margin  avia-builder-el-3  el_after_av_cell_one_half  avia-builder-el-last ' ><div class='flex_cell_inner'><section  class='av_textblock_section av-av_textblock-396ddf1f42196ca838231e61a4602801 '   itemscope=\"itemscope\" itemtype=\"https:\/\/schema.org\/CreativeWork\" ><div class='avia_textblock'  itemprop=\"text\" ><h2>CAMISA PARA ESCOLA<\/h2>\n<\/div><\/section><br \/>\n<section  class='av_textblock_section av-av_textblock-396ddf1f42196ca838231e61a4602801 '   itemscope=\"itemscope\" itemtype=\"https:\/\/schema.org\/CreativeWork\" ><div class='avia_textblock'  itemprop=\"text\" ><p><span style=\"font-weight: 400;\">As Camisas de malha s\u00e3o fabricadas nas malhas de PV (poli\u00e9ster e viscose), as camisas podem ser bordadas e silkadas.\u00a0<\/span><span style=\"font-weight: 400;\">As Camisas Gola Polo s\u00e3o fabricadas nas malhas de Piquet, 100% algod\u00e3o, 100% poli\u00e9ster, PV (poli\u00e9ster e viscose), Dryfit as camisas pode ser bordadas e silkadas.<\/span><\/p>\n<\/div><\/section><br \/>\n<div  class='avia-button-wrap av-av_button-6f629dd44770d5bc356f00526ded38a3-wrap avia-button-center  avia-builder-el-6  el_after_av_textblock  el_before_av_notification '><a href='https:\/\/camisariabh.com.br\/novosite\/orcamentos\/'  class='avia-button av-av_button-6f629dd44770d5bc356f00526ded38a3 avia-icon_select-yes-left-icon avia-size-small avia-position-center avia-color-theme-color'  ><span class='avia_button_icon avia_button_icon_left' aria-hidden='true' data-av_icon='\ue812' data-av_iconfont='entypo-fontello'><\/span><span class='avia_iconbox_title' >Solicitar or\u00e7amento<\/span><\/a><\/div><br \/>\n<div id='avia-messagebox-' class='avia_message_box av_notification av-av_notification-ee992161b509194ebb4990226bd5e876 avia-color-silver avia-size-large avia-icon_select-no avia-border-  avia-builder-el-7  el_after_av_button  el_before_av_textblock ' ><div class=\"avia_message_box_content\"><\/div><\/div><br \/>\n<section  class='av_textblock_section av-av_textblock-396ddf1f42196ca838231e61a4602801 '   itemscope=\"itemscope\" itemtype=\"https:\/\/schema.org\/CreativeWork\" ><div class='avia_textblock'  itemprop=\"text\" ><h6 style=\"text-align: center;\"><strong>Confira fotos dos nossos \u00faltimos trabalhos.\u00a0<a href=\"https:\/\/camisariabh.com.br\/novosite\/fotos-das-camisas\/\">clique Aqui<\/a><\/strong><\/h6>\n<\/div><\/section><\/p>\n<\/div><\/div><\/div>\n","protected":false},"excerpt":{"rendered":"","protected":false},"author":1,"featured_media":0,"parent":0,"menu_order":0,"comment_status":"closed","ping_status":"closed","template":"","meta":[],"_links":{"self":[{"href":"https:\/\/camisariabh.com.br\/novosite\/wp-json\/wp\/v2\/pages\/1200"}],"collection":[{"href":"https:\/\/camisariabh.com.br\/novosite\/wp-json\/wp\/v2\/pages"}],"about":[{"href":"https:\/\/camisariabh.com.br\/novosite\/wp-json\/wp\/v2\/types\/page"}],"author":[{"embeddable":true,"href":"https:\/\/camisariabh.com.br\/novosite\/wp-json\/wp\/v2\/users\/1"}],"replies":[{"embeddable":true,"href":"https:\/\/camisariabh.com.br\/novosite\/wp-json\/wp\/v2\/comments?post=1200"}],"version-history":[{"count":12,"href":"https:\/\/camisariabh.com.br\/novosite\/wp-json\/wp\/v2\/pages\/1200\/revisions"}],"predecessor-version":[{"id":1520,"href":"https:\/\/camisariabh.com.br\/novosite\/wp-json\/wp\/v2\/pages\/1200\/revisions\/1520"}],"wp:attachment":[{"href":"https:\/\/camisariabh.com.br\/novosite\/wp-json\/wp\/v2\/media?parent=1200"}],"curies":[{"name":"wp","href":"https:\/\/api.w.org\/{rel}","templated":true}]}}